{"id":77,"date":"2025-03-16T15:11:13","date_gmt":"2025-03-16T15:11:13","guid":{"rendered":"https:\/\/casavillalonga.com\/?page_id=77"},"modified":"2025-05-21T13:35:17","modified_gmt":"2025-05-21T13:35:17","slug":"politica-de-cookies","status":"publish","type":"page","link":"https:\/\/casavillalonga.com\/en\/politica-de-cookies\/","title":{"rendered":"COOKIE POLICY"},"content":{"rendered":"<div data-elementor-type=\"wp-page\" data-elementor-id=\"77\" class=\"elementor elementor-77\" data-elementor-post-type=\"page\">\n\t\t\t\t<div class=\"elementor-element elementor-element-9c17f5a e-flex e-con-boxed e-con e-parent\" data-id=\"9c17f5a\" data-element_type=\"container\" data-e-type=\"container\" data-settings=\"{&quot;ekit_has_onepagescroll_dot&quot;:&quot;yes&quot;}\">\n\t\t\t\t\t<div class=\"e-con-inner\">\n\t\t\t\t<div class=\"elementor-element elementor-element-2d1827b elementor-widget elementor-widget-heading\" data-id=\"2d1827b\" data-element_type=\"widget\" data-e-type=\"widget\" data-settings=\"{&quot;ekit_we_effect_on&quot;:&quot;none&quot;}\" data-widget_type=\"heading.default\">\n\t\t\t\t<div class=\"elementor-widget-container\">\n\t\t\t\t\t<h2 class=\"elementor-heading-title elementor-size-default\">COOKIE POLICY<\/h2>\t\t\t\t<\/div>\n\t\t\t\t<\/div>\n\t\t\t\t<div class=\"elementor-element elementor-element-0886537 elementor-widget elementor-widget-text-editor\" data-id=\"0886537\" data-element_type=\"widget\" data-e-type=\"widget\" data-settings=\"{&quot;ekit_we_effect_on&quot;:&quot;none&quot;}\" data-widget_type=\"text-editor.default\">\n\t\t\t\t<div class=\"elementor-widget-container\">\n\t\t\t\t\t\t\t\t\t<p>Pol\u00edtica de Cookies de <a href=\"https:\/\/casavillalonga.com\/en\/\">https:\/\/casavillalonga.com<\/a><\/p><ol><li><p>\u00bfQu\u00e9 son las cookies?<\/p><\/li><\/ol><p>El sitio web <a href=\"https:\/\/casavillalonga.com\/en\/\">https:\/\/casavillalonga.com<\/a> (en adelante, el \u00abSitio Web\u00bb o la \u00abWeb\u00bb) utiliza cookies y tecnolog\u00edas similares (dispositivos de almacenamiento y recuperaci\u00f3n de datos) para recopilar informaci\u00f3n sobre el uso del sitio por parte de los usuarios. Estos dispositivos se instalan en el navegador o dispositivo del usuario (ordenador, tablet, smartphone, etc.) y permiten al servidor web recordar ciertos datos, como las preferencias del usuario, idioma, sesi\u00f3n iniciada, configuraci\u00f3n regional, tipo de navegador, entre otros, con el objetivo de facilitar la navegaci\u00f3n y mejorar la experiencia del usuario.<\/p><p>Las cookies pueden ser propias o de terceros, de sesi\u00f3n o persistentes, y se clasifican seg\u00fan su finalidad en t\u00e9cnicas, de personalizaci\u00f3n, de an\u00e1lisis, publicitarias y de publicidad comportamental. En general, las cookies gestionadas por este Sitio Web sirven para agilizar la navegaci\u00f3n, analizar el funcionamiento y uso de la Web, y optimizar nuestros servicios. Asimismo, utilizamos cookies de terceros (como redes publicitarias y plataformas de an\u00e1lisis) que permiten ofrecer publicidad personalizada basada en el comportamiento de navegaci\u00f3n del usuario y medir el rendimiento del sitio.<\/p><ol start=\"2\"><li><p>\u00bfQu\u00e9 tipos de cookies utiliza este sitio web?<\/p><\/li><\/ol><p>El Sitio Web utiliza los siguientes tipos de cookies:<\/p><ul><li><p><strong>Cookies t\u00e9cnicas:<\/strong> Permiten al usuario navegar por el Sitio Web y utilizar las diferentes funcionalidades. Ejemplo:<\/p><ul><li><p><code>PHPSESSID<\/code> (cookie propia): controla la sesi\u00f3n del usuario. Duraci\u00f3n: sesi\u00f3n.<\/p><\/li><li><p><code>navigationUrl<\/code> (cookie propia): controla la sesi\u00f3n del usuario. Duraci\u00f3n: 1 d\u00eda.<\/p><\/li><\/ul><\/li><li><p><strong>Cookies de personalizaci\u00f3n:<\/strong> Permiten acceder al sitio con ciertas caracter\u00edsticas predefinidas (idioma, configuraci\u00f3n regional, tipo de navegador, etc.).<\/p><\/li><li><p><strong>Cookies de seguridad:<\/strong> Ayudan a detectar o prevenir intentos de ataque al sitio web.<\/p><\/li><li><p><strong>Cookies de an\u00e1lisis y seguimiento:<\/strong> Permiten analizar el comportamiento de los usuarios en la web de forma an\u00f3nima con el fin de introducir mejoras.<\/p><ul><li><p>Google Analytics (Google Inc., 1600 Amphitheatre Parkway, Mountain View, CA 94043, EE. UU.):<\/p><ul><li><p><code>_ga<\/code>: distingue usuarios y sesiones. Duraci\u00f3n: 2 a\u00f1os.<\/p><\/li><li><p><code>__gat<\/code>: limita el porcentaje de solicitudes. Duraci\u00f3n: 10 minutos.<\/p><\/li><li><p><code>_gid<\/code>: distingue usuarios. Duraci\u00f3n: 24 horas.<\/p><\/li><li><p><code>_utma<\/code>, <code>_utmc<\/code>, <code>_utmb<\/code>, <code>_utmz<\/code>: miden sesiones, tr\u00e1fico y fuentes de acceso. Duraciones variables.<\/p><\/li><\/ul><\/li><\/ul><p>M\u00e1s informaci\u00f3n: <a href=\"https:\/\/www.google.com\/intl\/es\/analytics\/privacyoverview.html\">https:\/\/www.google.com\/intl\/es\/analytics\/privacyoverview.html<\/a><\/p><\/li><li><p><strong>Cookies publicitarias y de publicidad comportamental:<\/strong> Gestionan los espacios publicitarios y permiten mostrar anuncios relevantes y personalizados basados en los intereses del usuario.<\/p><ul><li><p><strong>Google (<a href=\"http:\/\/www.google.com\/\">www.google.com<\/a> y <a href=\"http:\/\/www.google.es\/\">www.google.es<\/a>):<\/strong><\/p><ul><li><p><code>CONSENT<\/code>, <code>NID<\/code>, <code>HSID<\/code>, <code>SAPISID<\/code>, <code>SID<\/code>, <code>SSID<\/code>, <code>DV<\/code>, <code>OGPC<\/code>, <code>APISID<\/code>, <code>SIDCC<\/code>, <code>__Secure-3PAPISID<\/code>, <code>__Secure-3PSIDCC<\/code>, <code>__Secure-3PSID<\/code>, <code>Search_Samesite<\/code>. Duraciones de 6 meses a 2 a\u00f1os. Usadas para recordar preferencias y personalizar anuncios.<\/p><\/li><\/ul><\/li><li><p><strong>YouTube (servicio de Google):<\/strong><\/p><ul><li><p><code>PREF<\/code>, <code>NID<\/code>, <code>LOGIN_INFO<\/code>, <code>ACTIVITY<\/code>, <code>dkv<\/code>, <code>USE_HITBOX<\/code>, <code>demographics<\/code>, <code>VISITOR_INFO1_LIVE<\/code>, <code>YSC<\/code>, entre otras. Usadas para incrustar v\u00eddeos, estimar ancho de banda y recopilar estad\u00edsticas.<\/p><\/li><\/ul><\/li><li><p><strong>Facebook (Meta Platforms Inc., 1601 Willow Rd, Menlo Park, CA 94025, EE. UU.):<\/strong><\/p><ul><li><p>Pixel de Facebook: analiza la interacci\u00f3n del usuario con la Web para segmentaci\u00f3n y an\u00e1lisis de campa\u00f1as publicitarias.<\/p><\/li><li><p>Cookies como <code>fr<\/code>: identificador cifrado de usuario y navegador. Duraci\u00f3n: 1 a 3 meses.<\/p><\/li><\/ul><p>Facebook puede asociar estos datos con su perfil. M\u00e1s informaci\u00f3n: <a href=\"https:\/\/www.facebook.com\/about\/privacy\">https:\/\/www.facebook.com\/about\/privacy<\/a><\/p><p>Puede configurar sus preferencias de anuncios en: <a href=\"https:\/\/www.facebook.com\/settings?tab=ads\">https:\/\/www.facebook.com\/settings?tab=ads<\/a> o a trav\u00e9s de <a href=\"http:\/\/www.youronlinechoices.com\/es\/preferencias\/\">http:\/\/www.youronlinechoices.com\/es\/preferencias\/<\/a><\/p><\/li><\/ul><\/li><\/ul><ol start=\"3\"><li><p>Gesti\u00f3n y desactivaci\u00f3n de cookies<\/p><\/li><\/ol><p>Puede configurar su navegador para permitir, bloquear o eliminar las cookies instaladas en su equipo. Tenga en cuenta que, al desactivar cookies, algunas funcionalidades del sitio pueden verse afectadas.<\/p><p>A continuaci\u00f3n, encontrar\u00e1 enlaces con instrucciones para gestionar cookies en los navegadores m\u00e1s comunes:<\/p><ul><li><p><a href=\"https:\/\/support.google.com\/chrome\/answer\/95647\">Google Chrome<\/a><\/p><\/li><li><p><a href=\"https:\/\/support.mozilla.org\/es\/kb\/habilitar-y-deshabilitar-cookies-sitios-web-rastrear-preferencias\">Mozilla Firefox<\/a><\/p><\/li><li><p><a href=\"https:\/\/support.apple.com\/es-es\/HT201265\">Safari<\/a><\/p><\/li><li><p><a href=\"https:\/\/support.microsoft.com\/es-es\/help\/4027947\/microsoft-edge-delete-cookies\">Microsoft Edge<\/a><\/p><\/li><\/ul><ol start=\"4\"><li><p>Consentimiento<\/p><\/li><\/ol><p>Al acceder al Sitio Web, se le informa mediante un banner sobre el uso de cookies. Si contin\u00faa navegando, se entender\u00e1 que acepta la instalaci\u00f3n y uso de las cookies descritas en esta Pol\u00edtica. Puede retirar su consentimiento en cualquier momento configurando su navegador o accediendo a los enlaces facilitados para desactivar las cookies espec\u00edficas.<\/p><p>Para m\u00e1s informaci\u00f3n sobre el uso de sus datos o ejercer sus derechos de protecci\u00f3n de datos, por favor consulte nuestra Pol\u00edtica de Privacidad.<\/p>\t\t\t\t\t\t\t\t<\/div>\n\t\t\t\t<\/div>\n\t\t\t\t\t<\/div>\n\t\t\t\t<\/div>\n\t\t\t\t<\/div>","protected":false},"excerpt":{"rendered":"<p>POL\u00cdTICA DE COOKIES Pol\u00edtica de Cookies de https:\/\/casavillalonga.com \u00bfQu\u00e9 son las cookies? El sitio web https:\/\/casavillalonga.com (en adelante, el \u00abSitio Web\u00bb o la \u00abWeb\u00bb) utiliza cookies y tecnolog\u00edas similares (dispositivos de almacenamiento y recuperaci\u00f3n de datos) para recopilar informaci\u00f3n sobre el uso del sitio por parte de los usuarios. Estos dispositivos se instalan en el [&hellip;]<\/p>","protected":false},"author":1,"featured_media":0,"parent":0,"menu_order":0,"comment_status":"closed","ping_status":"closed","template":"elementor_header_footer","meta":{"_joinchat":[],"footnotes":""},"class_list":["post-77","page","type-page","status-publish","hentry"],"_links":{"self":[{"href":"https:\/\/casavillalonga.com\/en\/wp-json\/wp\/v2\/pages\/77","targetHints":{"allow":["GET"]}}],"collection":[{"href":"https:\/\/casavillalonga.com\/en\/wp-json\/wp\/v2\/pages"}],"about":[{"href":"https:\/\/casavillalonga.com\/en\/wp-json\/wp\/v2\/types\/page"}],"author":[{"embeddable":true,"href":"https:\/\/casavillalonga.com\/en\/wp-json\/wp\/v2\/users\/1"}],"replies":[{"embeddable":true,"href":"https:\/\/casavillalonga.com\/en\/wp-json\/wp\/v2\/comments?post=77"}],"version-history":[{"count":10,"href":"https:\/\/casavillalonga.com\/en\/wp-json\/wp\/v2\/pages\/77\/revisions"}],"predecessor-version":[{"id":761,"href":"https:\/\/casavillalonga.com\/en\/wp-json\/wp\/v2\/pages\/77\/revisions\/761"}],"wp:attachment":[{"href":"https:\/\/casavillalonga.com\/en\/wp-json\/wp\/v2\/media?parent=77"}],"curies":[{"name":"wp","href":"https:\/\/api.w.org\/{rel}","templated":true}]}}